{"id":728,"date":"2022-11-22T19:12:17","date_gmt":"2022-11-23T01:12:17","guid":{"rendered":"https:\/\/www.myexpoexpo.com\/?page_id=728"},"modified":"2023-10-23T10:38:14","modified_gmt":"2023-10-23T15:38:14","slug":"expo-expo-gamification","status":"publish","type":"page","link":"https:\/\/www.myexpoexpo.com\/es\/expo-expo-gamification\/","title":{"rendered":"\u00a1Exposici\u00f3n! \u00a1Exposici\u00f3n! Gamificaci\u00f3n del campo de juego"},"content":{"rendered":"<div data-elementor-type=\"wp-page\" data-elementor-id=\"728\" class=\"elementor elementor-728\" data-elementor-post-type=\"page\">\n\t\t\t\t\t\t<section class=\"elementor-section elementor-top-section elementor-element elementor-element-aff7be0 elementor-section-boxed elementor-section-height-default elementor-section-height-default\" data-id=\"aff7be0\" data-element_type=\"section\" data-e-type=\"section\">\n\t\t\t\t\t\t<div class=\"elementor-container elementor-column-gap-default\">\n\t\t\t\t\t<div class=\"elementor-column elementor-col-100 elementor-top-column elementor-element elementor-element-e63c43e\" data-id=\"e63c43e\" data-element_type=\"column\" data-e-type=\"column\">\n\t\t\t<div class=\"elementor-widget-wrap elementor-element-populated\">\n\t\t\t\t\t\t<div class=\"elementor-element elementor-element-b71f021 elementor-widget elementor-widget-heading\" data-id=\"b71f021\" data-element_type=\"widget\" data-e-type=\"widget\" data-widget_type=\"heading.default\">\n\t\t\t\t<div class=\"elementor-widget-container\">\n\t\t\t\t\t<h2 class=\"elementor-heading-title elementor-size-default\">\u00bfEst\u00e1s en esto para ganarlo?<\/h2>\t\t\t\t<\/div>\n\t\t\t\t<\/div>\n\t\t\t\t\t<\/div>\n\t\t<\/div>\n\t\t\t\t\t<\/div>\n\t\t<\/section>\n\t\t\t\t<section class=\"elementor-section elementor-top-section elementor-element elementor-element-2a3c2a5 elementor-section-boxed elementor-section-height-default elementor-section-height-default\" data-id=\"2a3c2a5\" data-element_type=\"section\" data-e-type=\"section\">\n\t\t\t\t\t\t<div class=\"elementor-container elementor-column-gap-default\">\n\t\t\t\t\t<div class=\"elementor-column elementor-col-100 elementor-top-column elementor-element elementor-element-6dc6cf7\" data-id=\"6dc6cf7\" data-element_type=\"column\" data-e-type=\"column\">\n\t\t\t<div class=\"elementor-widget-wrap elementor-element-populated\">\n\t\t\t\t\t\t<div data-dce-advanced-background-color=\"#48B6E1\" class=\"elementor-element elementor-element-8850081 elementor-widget elementor-widget-global elementor-global-156 elementor-widget-spacer\" data-id=\"8850081\" data-element_type=\"widget\" data-e-type=\"widget\" data-widget_type=\"spacer.default\">\n\t\t\t\t<div class=\"elementor-widget-container\">\n\t\t\t\t\t\t\t<div class=\"elementor-spacer\">\n\t\t\t<div class=\"elementor-spacer-inner\"><\/div>\n\t\t<\/div>\n\t\t\t\t\t\t<\/div>\n\t\t\t\t<\/div>\n\t\t\t\t\t<\/div>\n\t\t<\/div>\n\t\t\t\t\t<\/div>\n\t\t<\/section>\n\t\t\t\t<section class=\"elementor-section elementor-top-section elementor-element elementor-element-486d455 elementor-section-boxed elementor-section-height-default elementor-section-height-default\" data-id=\"486d455\" data-element_type=\"section\" data-e-type=\"section\">\n\t\t\t\t\t\t<div class=\"elementor-container elementor-column-gap-default\">\n\t\t\t\t\t<div class=\"elementor-column elementor-col-50 elementor-top-column elementor-element elementor-element-60625d4\" data-id=\"60625d4\" data-element_type=\"column\" data-e-type=\"column\">\n\t\t\t<div class=\"elementor-widget-wrap elementor-element-populated\">\n\t\t\t\t\t\t<div class=\"elementor-element elementor-element-f4c0e05 elementor-widget elementor-widget-text-editor\" data-id=\"f4c0e05\" data-element_type=\"widget\" data-e-type=\"widget\" data-widget_type=\"text-editor.default\">\n\t\t\t\t<div class=\"elementor-widget-container\">\n\t\t\t\t\t\t\t\t\t<h3><strong>Martes 5 de diciembre \u2013 mi\u00e9rcoles 6 de diciembre<\/strong><\/h3><p>\u00a1Bienvenidos a la Expo! \u00a1Exposici\u00f3n! Competencia de parrilla**<br \/>\u00a1Los organizadores pueden obtener un GRAN puntaje en Dallas!<\/p><p>\u00a1Toda la Expo! \u00a1Exposici\u00f3n! \u00a1Los asistentes organizadores est\u00e1n invitados a unirse a la Expo! \u00a1Exposici\u00f3n! Competici\u00f3n de parrilla. \u00a1Visitando varios lugares y stands en la Expo! \u00a1Exposici\u00f3n! piso de exhibici\u00f3n, puedes ganar puntos.<br \/>Aquellos que adquieran el m\u00e1ximo de puntos, participar\u00e1n en un sorteo para ganar el Gran Premio ExpoBowl.<\/p><p>El Gran Premio ExpoBowl incluye:<\/p><ul><li>Dos (2) pases del suroeste E<\/li><li>100.000 puntos Hilton<\/li><li>$Tarjeta regalo de 1.000<\/li><\/ul><p>\u00a0<\/p><p>Incluso si no gana el ExpoBowl, se lo ubicar\u00e1 autom\u00e1ticamente en uno de los tres (3) equipos (un domingo cualquiera, repetici\u00f3n instant\u00e1nea y Pick-6) con la posibilidad de ganar como equipo. Cada persona del equipo ganador recibir\u00e1 un premio $5.<\/p><p><em>Los organizadores deben estar presentes en el almuerzo de clausura para poder ganar el gran premio.<\/em><\/p>\t\t\t\t\t\t\t\t<\/div>\n\t\t\t\t<\/div>\n\t\t\t\t\t<\/div>\n\t\t<\/div>\n\t\t\t\t<div class=\"elementor-column elementor-col-50 elementor-top-column elementor-element elementor-element-1117b0f\" data-id=\"1117b0f\" data-element_type=\"column\" data-e-type=\"column\">\n\t\t\t<div class=\"elementor-widget-wrap elementor-element-populated\">\n\t\t\t\t\t\t<div class=\"elementor-element elementor-element-342af15 elementor-widget elementor-widget-text-editor\" data-id=\"342af15\" data-element_type=\"widget\" data-e-type=\"widget\" data-widget_type=\"text-editor.default\">\n\t\t\t\t<div class=\"elementor-widget-container\">\n\t\t\t\t\t\t\t\t\t<h3>Gamificaci\u00f3n impulsado por<\/h3>\t\t\t\t\t\t\t\t<\/div>\n\t\t\t\t<\/div>\n\t\t\t\t<div class=\"elementor-element elementor-element-af0813a elementor-widget elementor-widget-image\" data-id=\"af0813a\" data-element_type=\"widget\" data-e-type=\"widget\" data-widget_type=\"image.default\">\n\t\t\t\t<div class=\"elementor-widget-container\">\n\t\t\t\t\t\t\t\t\t\t\t\t\t\t\t<img decoding=\"async\" width=\"300\" height=\"156\" src=\"https:\/\/www.myexpoexpo.com\/wp-content\/uploads\/2022\/09\/Captello-Vertical-Logo-Rectangle_Color-300x156.png\" class=\"attachment-medium size-medium wp-image-575\" alt=\"\" srcset=\"https:\/\/www.myexpoexpo.com\/wp-content\/uploads\/2022\/09\/Captello-Vertical-Logo-Rectangle_Color-300x156.png 300w, https:\/\/www.myexpoexpo.com\/wp-content\/uploads\/2022\/09\/Captello-Vertical-Logo-Rectangle_Color-1024x534.png 1024w, https:\/\/www.myexpoexpo.com\/wp-content\/uploads\/2022\/09\/Captello-Vertical-Logo-Rectangle_Color-768x400.png 768w, https:\/\/www.myexpoexpo.com\/wp-content\/uploads\/2022\/09\/Captello-Vertical-Logo-Rectangle_Color-1536x801.png 1536w, https:\/\/www.myexpoexpo.com\/wp-content\/uploads\/2022\/09\/Captello-Vertical-Logo-Rectangle_Color-2048x1067.png 2048w\" sizes=\"(max-width: 300px) 100vw, 300px\" \/>\t\t\t\t\t\t\t\t\t\t\t\t\t\t\t<\/div>\n\t\t\t\t<\/div>\n\t\t\t\t<div class=\"elementor-element elementor-element-ac9b0f0 elementor-widget elementor-widget-heading\" data-id=\"ac9b0f0\" data-element_type=\"widget\" data-e-type=\"widget\" data-widget_type=\"heading.default\">\n\t\t\t\t<div class=\"elementor-widget-container\">\n\t\t\t\t\t<h3 class=\"elementor-heading-title elementor-size-default\">\u00a1Busque c\u00f3digos QR como este en el sitio!<\/h3>\t\t\t\t<\/div>\n\t\t\t\t<\/div>\n\t\t\t\t<div class=\"elementor-element elementor-element-d87d3fe elementor-widget elementor-widget-image\" data-id=\"d87d3fe\" data-element_type=\"widget\" data-e-type=\"widget\" data-widget_type=\"image.default\">\n\t\t\t\t<div class=\"elementor-widget-container\">\n\t\t\t\t\t\t\t\t\t\t\t\t\t\t\t<img fetchpriority=\"high\" decoding=\"async\" width=\"300\" height=\"300\" src=\"https:\/\/www.myexpoexpo.com\/wp-content\/uploads\/2023\/10\/Sample-GridIron-QR-Code-300x300.png\" class=\"attachment-medium size-medium wp-image-1118\" alt=\"\" srcset=\"https:\/\/www.myexpoexpo.com\/wp-content\/uploads\/2023\/10\/Sample-GridIron-QR-Code-300x300.png 300w, https:\/\/www.myexpoexpo.com\/wp-content\/uploads\/2023\/10\/Sample-GridIron-QR-Code-1024x1024.png 1024w, https:\/\/www.myexpoexpo.com\/wp-content\/uploads\/2023\/10\/Sample-GridIron-QR-Code-150x150.png 150w, https:\/\/www.myexpoexpo.com\/wp-content\/uploads\/2023\/10\/Sample-GridIron-QR-Code-768x768.png 768w, https:\/\/www.myexpoexpo.com\/wp-content\/uploads\/2023\/10\/Sample-GridIron-QR-Code-12x12.png 12w, https:\/\/www.myexpoexpo.com\/wp-content\/uploads\/2023\/10\/Sample-GridIron-QR-Code.png 1127w\" sizes=\"(max-width: 300px) 100vw, 300px\" \/>\t\t\t\t\t\t\t\t\t\t\t\t\t\t\t<\/div>\n\t\t\t\t<\/div>\n\t\t\t\t\t<\/div>\n\t\t<\/div>\n\t\t\t\t\t<\/div>\n\t\t<\/section>\n\t\t\t\t<section class=\"elementor-section elementor-top-section elementor-element elementor-element-1661042 elementor-section-boxed elementor-section-height-default elementor-section-height-default\" data-id=\"1661042\" data-element_type=\"section\" data-e-type=\"section\">\n\t\t\t\t\t\t<div class=\"elementor-container elementor-column-gap-default\">\n\t\t\t\t\t<div class=\"elementor-column elementor-col-100 elementor-top-column elementor-element elementor-element-365666a\" data-id=\"365666a\" data-element_type=\"column\" data-e-type=\"column\">\n\t\t\t<div class=\"elementor-widget-wrap elementor-element-populated\">\n\t\t\t\t\t\t<div data-dce-advanced-background-color=\"#48B6E1\" class=\"elementor-element elementor-element-ba9c198 elementor-widget elementor-widget-global elementor-global-156 elementor-widget-spacer\" data-id=\"ba9c198\" data-element_type=\"widget\" data-e-type=\"widget\" data-widget_type=\"spacer.default\">\n\t\t\t\t<div class=\"elementor-widget-container\">\n\t\t\t\t\t\t\t<div class=\"elementor-spacer\">\n\t\t\t<div class=\"elementor-spacer-inner\"><\/div>\n\t\t<\/div>\n\t\t\t\t\t\t<\/div>\n\t\t\t\t<\/div>\n\t\t\t\t\t<\/div>\n\t\t<\/div>\n\t\t\t\t\t<\/div>\n\t\t<\/section>\n\t\t\t\t<\/div>","protected":false},"excerpt":{"rendered":"<p>Are you in it to win it? Tuesday, 5 December &#8211; Wednesday, 6 December Welcome to the Expo! Expo! Gridiron Competition**Organizers Can Score BIG in Dallas! All Expo! Expo! organizer attendees are invited to join the Expo! Expo! Gridiron Competition. By visiting various locations and booths on the Expo! Expo! show floor, you can earn [&hellip;]<\/p>\n","protected":false},"author":3,"featured_media":0,"parent":0,"menu_order":0,"comment_status":"closed","ping_status":"closed","template":"","meta":{"_acf_changed":false,"footnotes":""},"class_list":["post-728","page","type-page","status-publish","hentry"],"acf":[],"yoast_head":"<!-- This site is optimized with the Yoast SEO Premium plugin v27.5 (Yoast SEO v27.5) - https:\/\/yoast.com\/product\/yoast-seo-premium-wordpress\/ -->\n<title>Expo! Expo! Gridiron Gamification - Expo! Expo!<\/title>\n<meta name=\"robots\" content=\"index, follow, max-snippet:-1, max-image-preview:large, max-video-preview:-1\" \/>\n<link rel=\"canonical\" href=\"https:\/\/www.myexpoexpo.com\/es\/expo-expo-gamification\/\" \/>\n<meta property=\"og:locale\" content=\"es_MX\" \/>\n<meta property=\"og:type\" content=\"article\" \/>\n<meta property=\"og:title\" content=\"Expo! Expo! Gridiron Gamification\" \/>\n<meta property=\"og:description\" content=\"Are you in it to win it? Tuesday, 5 December &#8211; Wednesday, 6 December Welcome to the Expo! Expo! Gridiron Competition**Organizers Can Score BIG in Dallas! All Expo! Expo! organizer attendees are invited to join the Expo! Expo! Gridiron Competition. By visiting various locations and booths on the Expo! Expo! show floor, you can earn [&hellip;]\" \/>\n<meta property=\"og:url\" content=\"https:\/\/www.myexpoexpo.com\/es\/expo-expo-gamification\/\" \/>\n<meta property=\"og:site_name\" content=\"Expo! Expo!\" \/>\n<meta property=\"article:publisher\" content=\"https:\/\/www.facebook.com\/iaeehq\/\" \/>\n<meta property=\"article:modified_time\" content=\"2023-10-23T15:38:14+00:00\" \/>\n<meta property=\"og:image\" content=\"https:\/\/www.myexpoexpo.com\/wp-content\/uploads\/2022\/09\/Captello-Vertical-Logo-Rectangle_Color-300x156.png\" \/>\n<meta name=\"twitter:card\" content=\"summary_large_image\" \/>\n<meta name=\"twitter:site\" content=\"@IAEE_HQ\" \/>\n<meta name=\"twitter:label1\" content=\"Tiempo de lectura\" \/>\n\t<meta name=\"twitter:data1\" content=\"2 minutos\" \/>\n<script type=\"application\/ld+json\" class=\"yoast-schema-graph\">{\"@context\":\"https:\\\/\\\/schema.org\",\"@graph\":[{\"@type\":\"WebPage\",\"@id\":\"https:\\\/\\\/www.myexpoexpo.com\\\/expo-expo-gamification\\\/\",\"url\":\"https:\\\/\\\/www.myexpoexpo.com\\\/expo-expo-gamification\\\/\",\"name\":\"Expo! Expo! Gridiron Gamification - Expo! Expo!\",\"isPartOf\":{\"@id\":\"https:\\\/\\\/www.myexpoexpo.com\\\/#website\"},\"primaryImageOfPage\":{\"@id\":\"https:\\\/\\\/www.myexpoexpo.com\\\/expo-expo-gamification\\\/#primaryimage\"},\"image\":{\"@id\":\"https:\\\/\\\/www.myexpoexpo.com\\\/expo-expo-gamification\\\/#primaryimage\"},\"thumbnailUrl\":\"https:\\\/\\\/www.myexpoexpo.com\\\/wp-content\\\/uploads\\\/2022\\\/09\\\/Captello-Vertical-Logo-Rectangle_Color-300x156.png\",\"datePublished\":\"2022-11-23T01:12:17+00:00\",\"dateModified\":\"2023-10-23T15:38:14+00:00\",\"breadcrumb\":{\"@id\":\"https:\\\/\\\/www.myexpoexpo.com\\\/expo-expo-gamification\\\/#breadcrumb\"},\"inLanguage\":\"es\",\"potentialAction\":[{\"@type\":\"ReadAction\",\"target\":[\"https:\\\/\\\/www.myexpoexpo.com\\\/expo-expo-gamification\\\/\"]}]},{\"@type\":\"ImageObject\",\"inLanguage\":\"es\",\"@id\":\"https:\\\/\\\/www.myexpoexpo.com\\\/expo-expo-gamification\\\/#primaryimage\",\"url\":\"https:\\\/\\\/www.myexpoexpo.com\\\/wp-content\\\/uploads\\\/2022\\\/09\\\/Captello-Vertical-Logo-Rectangle_Color-300x156.png\",\"contentUrl\":\"https:\\\/\\\/www.myexpoexpo.com\\\/wp-content\\\/uploads\\\/2022\\\/09\\\/Captello-Vertical-Logo-Rectangle_Color-300x156.png\"},{\"@type\":\"BreadcrumbList\",\"@id\":\"https:\\\/\\\/www.myexpoexpo.com\\\/expo-expo-gamification\\\/#breadcrumb\",\"itemListElement\":[{\"@type\":\"ListItem\",\"position\":1,\"name\":\"Home\",\"item\":\"https:\\\/\\\/www.myexpoexpo.com\\\/\"},{\"@type\":\"ListItem\",\"position\":2,\"name\":\"Expo! Expo! Gridiron Gamification\"}]},{\"@type\":\"WebSite\",\"@id\":\"https:\\\/\\\/www.myexpoexpo.com\\\/#website\",\"url\":\"https:\\\/\\\/www.myexpoexpo.com\\\/\",\"name\":\"Expo! Expo!\",\"description\":\"16-18 November 2026 | Milwaukee, WI\",\"publisher\":{\"@id\":\"https:\\\/\\\/www.myexpoexpo.com\\\/#organization\"},\"potentialAction\":[{\"@type\":\"SearchAction\",\"target\":{\"@type\":\"EntryPoint\",\"urlTemplate\":\"https:\\\/\\\/www.myexpoexpo.com\\\/?s={search_term_string}\"},\"query-input\":{\"@type\":\"PropertyValueSpecification\",\"valueRequired\":true,\"valueName\":\"search_term_string\"}}],\"inLanguage\":\"es\"},{\"@type\":\"Organization\",\"@id\":\"https:\\\/\\\/www.myexpoexpo.com\\\/#organization\",\"name\":\"IAEE Expo! Expo!\",\"url\":\"https:\\\/\\\/www.myexpoexpo.com\\\/\",\"logo\":{\"@type\":\"ImageObject\",\"inLanguage\":\"es\",\"@id\":\"https:\\\/\\\/www.myexpoexpo.com\\\/#\\\/schema\\\/logo\\\/image\\\/\",\"url\":\"\",\"contentUrl\":\"\",\"caption\":\"IAEE Expo! Expo!\"},\"image\":{\"@id\":\"https:\\\/\\\/www.myexpoexpo.com\\\/#\\\/schema\\\/logo\\\/image\\\/\"},\"sameAs\":[\"https:\\\/\\\/www.facebook.com\\\/iaeehq\\\/\",\"https:\\\/\\\/x.com\\\/IAEE_HQ\",\"https:\\\/\\\/www.linkedin.com\\\/company\\\/international-association-of-exhibits-and-events\\\/\",\"https:\\\/\\\/www.youtube.com\\\/user\\\/IAEEHeadquarters\",\"https:\\\/\\\/www.instagram.com\\\/iaee_hq\\\/\"]}]}<\/script>\n<!-- \/ Yoast SEO Premium plugin. -->","yoast_head_json":{"title":"Expo! Expo! Gridiron Gamification - Expo! Expo!","robots":{"index":"index","follow":"follow","max-snippet":"max-snippet:-1","max-image-preview":"max-image-preview:large","max-video-preview":"max-video-preview:-1"},"canonical":"https:\/\/www.myexpoexpo.com\/es\/expo-expo-gamification\/","og_locale":"es_MX","og_type":"article","og_title":"Expo! Expo! Gridiron Gamification","og_description":"Are you in it to win it? Tuesday, 5 December &#8211; Wednesday, 6 December Welcome to the Expo! Expo! Gridiron Competition**Organizers Can Score BIG in Dallas! All Expo! Expo! organizer attendees are invited to join the Expo! Expo! Gridiron Competition. By visiting various locations and booths on the Expo! Expo! show floor, you can earn [&hellip;]","og_url":"https:\/\/www.myexpoexpo.com\/es\/expo-expo-gamification\/","og_site_name":"Expo! Expo!","article_publisher":"https:\/\/www.facebook.com\/iaeehq\/","article_modified_time":"2023-10-23T15:38:14+00:00","og_image":[{"url":"https:\/\/www.myexpoexpo.com\/wp-content\/uploads\/2022\/09\/Captello-Vertical-Logo-Rectangle_Color-300x156.png","type":"","width":"","height":""}],"twitter_card":"summary_large_image","twitter_site":"@IAEE_HQ","twitter_misc":{"Tiempo de lectura":"2 minutos"},"schema":{"@context":"https:\/\/schema.org","@graph":[{"@type":"WebPage","@id":"https:\/\/www.myexpoexpo.com\/expo-expo-gamification\/","url":"https:\/\/www.myexpoexpo.com\/expo-expo-gamification\/","name":"Expo! Expo! Gridiron Gamification - Expo! Expo!","isPartOf":{"@id":"https:\/\/www.myexpoexpo.com\/#website"},"primaryImageOfPage":{"@id":"https:\/\/www.myexpoexpo.com\/expo-expo-gamification\/#primaryimage"},"image":{"@id":"https:\/\/www.myexpoexpo.com\/expo-expo-gamification\/#primaryimage"},"thumbnailUrl":"https:\/\/www.myexpoexpo.com\/wp-content\/uploads\/2022\/09\/Captello-Vertical-Logo-Rectangle_Color-300x156.png","datePublished":"2022-11-23T01:12:17+00:00","dateModified":"2023-10-23T15:38:14+00:00","breadcrumb":{"@id":"https:\/\/www.myexpoexpo.com\/expo-expo-gamification\/#breadcrumb"},"inLanguage":"es","potentialAction":[{"@type":"ReadAction","target":["https:\/\/www.myexpoexpo.com\/expo-expo-gamification\/"]}]},{"@type":"ImageObject","inLanguage":"es","@id":"https:\/\/www.myexpoexpo.com\/expo-expo-gamification\/#primaryimage","url":"https:\/\/www.myexpoexpo.com\/wp-content\/uploads\/2022\/09\/Captello-Vertical-Logo-Rectangle_Color-300x156.png","contentUrl":"https:\/\/www.myexpoexpo.com\/wp-content\/uploads\/2022\/09\/Captello-Vertical-Logo-Rectangle_Color-300x156.png"},{"@type":"BreadcrumbList","@id":"https:\/\/www.myexpoexpo.com\/expo-expo-gamification\/#breadcrumb","itemListElement":[{"@type":"ListItem","position":1,"name":"Home","item":"https:\/\/www.myexpoexpo.com\/"},{"@type":"ListItem","position":2,"name":"Expo! Expo! Gridiron Gamification"}]},{"@type":"WebSite","@id":"https:\/\/www.myexpoexpo.com\/#website","url":"https:\/\/www.myexpoexpo.com\/","name":"\u00a1Exposici\u00f3n! \u00a1Exposici\u00f3n!","description":"16-18 November 2026 | Milwaukee, WI","publisher":{"@id":"https:\/\/www.myexpoexpo.com\/#organization"},"potentialAction":[{"@type":"SearchAction","target":{"@type":"EntryPoint","urlTemplate":"https:\/\/www.myexpoexpo.com\/?s={search_term_string}"},"query-input":{"@type":"PropertyValueSpecification","valueRequired":true,"valueName":"search_term_string"}}],"inLanguage":"es"},{"@type":"Organization","@id":"https:\/\/www.myexpoexpo.com\/#organization","name":"IAEE Expo! Expo!","url":"https:\/\/www.myexpoexpo.com\/","logo":{"@type":"ImageObject","inLanguage":"es","@id":"https:\/\/www.myexpoexpo.com\/#\/schema\/logo\/image\/","url":"","contentUrl":"","caption":"IAEE Expo! Expo!"},"image":{"@id":"https:\/\/www.myexpoexpo.com\/#\/schema\/logo\/image\/"},"sameAs":["https:\/\/www.facebook.com\/iaeehq\/","https:\/\/x.com\/IAEE_HQ","https:\/\/www.linkedin.com\/company\/international-association-of-exhibits-and-events\/","https:\/\/www.youtube.com\/user\/IAEEHeadquarters","https:\/\/www.instagram.com\/iaee_hq\/"]}]}},"_links":{"self":[{"href":"https:\/\/www.myexpoexpo.com\/es\/wp-json\/wp\/v2\/pages\/728","targetHints":{"allow":["GET"]}}],"collection":[{"href":"https:\/\/www.myexpoexpo.com\/es\/wp-json\/wp\/v2\/pages"}],"about":[{"href":"https:\/\/www.myexpoexpo.com\/es\/wp-json\/wp\/v2\/types\/page"}],"author":[{"embeddable":true,"href":"https:\/\/www.myexpoexpo.com\/es\/wp-json\/wp\/v2\/users\/3"}],"replies":[{"embeddable":true,"href":"https:\/\/www.myexpoexpo.com\/es\/wp-json\/wp\/v2\/comments?post=728"}],"version-history":[{"count":0,"href":"https:\/\/www.myexpoexpo.com\/es\/wp-json\/wp\/v2\/pages\/728\/revisions"}],"wp:attachment":[{"href":"https:\/\/www.myexpoexpo.com\/es\/wp-json\/wp\/v2\/media?parent=728"}],"curies":[{"name":"wp","href":"https:\/\/api.w.org\/{rel}","templated":true}]}}