{"id":130,"date":"2022-03-01T14:43:41","date_gmt":"2022-03-01T20:43:41","guid":{"rendered":"https:\/\/expoexpo.wpengine.com\/?page_id=130"},"modified":"2026-02-05T17:22:50","modified_gmt":"2026-02-05T23:22:50","slug":"justification-toolkit","status":"publish","type":"page","link":"https:\/\/www.myexpoexpo.com\/fr\/justification-toolkit\/","title":{"rendered":"Bo\u00eete \u00e0 outils de justification"},"content":{"rendered":"<div data-elementor-type=\"wp-page\" data-elementor-id=\"130\" class=\"elementor elementor-130\" data-elementor-post-type=\"page\">\n\t\t\t\t\t\t<section class=\"elementor-section elementor-top-section elementor-element elementor-element-d92aa68 elementor-section-boxed elementor-section-height-default elementor-section-height-default\" data-id=\"d92aa68\" data-element_type=\"section\" data-e-type=\"section\">\n\t\t\t\t\t\t<div class=\"elementor-container elementor-column-gap-default\">\n\t\t\t\t\t<div class=\"elementor-column elementor-col-100 elementor-top-column elementor-element elementor-element-4bd2b5c\" data-id=\"4bd2b5c\" data-element_type=\"column\" data-e-type=\"column\">\n\t\t\t<div class=\"elementor-widget-wrap elementor-element-populated\">\n\t\t\t\t\t\t<div class=\"elementor-element elementor-element-97602a0 elementor-widget elementor-widget-heading\" data-id=\"97602a0\" data-element_type=\"widget\" data-e-type=\"widget\" data-widget_type=\"heading.default\">\n\t\t\t\t<div class=\"elementor-widget-container\">\n\t\t\t\t\t<h2 class=\"elementor-heading-title elementor-size-default\">Faites valoir votre participation\u00a0!<\/h2>\t\t\t\t<\/div>\n\t\t\t\t<\/div>\n\t\t\t\t\t<\/div>\n\t\t<\/div>\n\t\t\t\t\t<\/div>\n\t\t<\/section>\n\t\t\t\t<section class=\"elementor-section elementor-top-section elementor-element elementor-element-ab70b52 elementor-section-boxed elementor-section-height-default elementor-section-height-default\" data-id=\"ab70b52\" data-element_type=\"section\" data-e-type=\"section\">\n\t\t\t\t\t\t<div class=\"elementor-container elementor-column-gap-default\">\n\t\t\t\t\t<div class=\"elementor-column elementor-col-100 elementor-top-column elementor-element elementor-element-2053483\" data-id=\"2053483\" data-element_type=\"column\" data-e-type=\"column\">\n\t\t\t<div class=\"elementor-widget-wrap elementor-element-populated\">\n\t\t\t\t\t\t<div data-dce-advanced-background-color=\"#48B6E1\" class=\"elementor-element elementor-element-b64d2fa elementor-widget elementor-widget-global elementor-global-156 elementor-widget-spacer\" data-id=\"b64d2fa\" data-element_type=\"widget\" data-e-type=\"widget\" data-widget_type=\"spacer.default\">\n\t\t\t\t<div class=\"elementor-widget-container\">\n\t\t\t\t\t\t\t<div class=\"elementor-spacer\">\n\t\t\t<div class=\"elementor-spacer-inner\"><\/div>\n\t\t<\/div>\n\t\t\t\t\t\t<\/div>\n\t\t\t\t<\/div>\n\t\t\t\t\t<\/div>\n\t\t<\/div>\n\t\t\t\t\t<\/div>\n\t\t<\/section>\n\t\t\t\t<section class=\"elementor-section elementor-top-section elementor-element elementor-element-ef38493 elementor-section-boxed elementor-section-height-default elementor-section-height-default\" data-id=\"ef38493\" data-element_type=\"section\" data-e-type=\"section\">\n\t\t\t\t\t\t<div class=\"elementor-container elementor-column-gap-default\">\n\t\t\t\t\t<div class=\"elementor-column elementor-col-100 elementor-top-column elementor-element elementor-element-d0569bb\" data-id=\"d0569bb\" data-element_type=\"column\" data-e-type=\"column\">\n\t\t\t<div class=\"elementor-widget-wrap elementor-element-populated\">\n\t\t\t\t\t\t<div class=\"elementor-element elementor-element-6c6a90a elementor-widget elementor-widget-text-editor\" data-id=\"6c6a90a\" data-element_type=\"widget\" data-e-type=\"widget\" data-widget_type=\"text-editor.default\">\n\t\t\t\t<div class=\"elementor-widget-container\">\n\t\t\t\t\t\t\t\t\t<p>We encourage you to review the materials in this section to gain a greater understanding of the 2026 IAEE Expo! Expo! Annual Meeting &amp; Exhibition, 16-18 November in Milwaukee, WI, USA and how to communicate the value it can provide when for approval to attend from your supervisor.<\/p><p>IAEE has created detailed sample letters that you may tailor to gain funding for your attendance in one convenient location. With expert advice, pre-conference justification documents and post-conference reporting templates, your manager or supervisor is sure to appreciate the investment made into your training and development as well as to your company\u2019s success.<\/p><p>Below is some helpful information to explain why you should be attending Expo! Expo!, IAEE\u2019s Annual Meeting and Exhibition.<\/p><ul><li><a href=\"https:\/\/www.myexpoexpo.com\/wp-content\/uploads\/2026\/02\/Attendee-Justification-Toolkit-Form-Letter-to-Supervisor-Organizer.docx\" data-feathr-click-track=\"true\" data-feathr-link-aids=\"56fdb25c7c1fea5655730a05\">Lettre de justification du participant \u2013 Organisateurs<\/a><\/li><li><a href=\"https:\/\/www.myexpoexpo.com\/wp-content\/uploads\/2026\/02\/Attendee-Justification-Toolkit-Form-Letter-to-Supervisor-Supplier.docx\" data-feathr-click-track=\"true\" data-feathr-link-aids=\"56fdb25c7c1fea5655730a05\">Lettre de justification du participant \u2013 Fournisseurs<\/a><\/li><li><a href=\"https:\/\/www.myexpoexpo.com\/wp-content\/uploads\/2026\/02\/Attendee-Justification-Toolkit-Post-Event-Report.docx\" data-feathr-click-track=\"true\" data-feathr-link-aids=\"56fdb25c7c1fea5655730a05\">Bo\u00eete \u00e0 outils de justification des participants \u2013 Rapport post-\u00e9v\u00e9nement<\/a><\/li><\/ul>\t\t\t\t\t\t\t\t<\/div>\n\t\t\t\t<\/div>\n\t\t\t\t\t<\/div>\n\t\t<\/div>\n\t\t\t\t\t<\/div>\n\t\t<\/section>\n\t\t\t\t<section class=\"elementor-section elementor-top-section elementor-element elementor-element-826e064 elementor-section-boxed elementor-section-height-default elementor-section-height-default\" data-id=\"826e064\" data-element_type=\"section\" data-e-type=\"section\">\n\t\t\t\t\t\t<div class=\"elementor-container elementor-column-gap-default\">\n\t\t\t\t\t<div class=\"elementor-column elementor-col-50 elementor-top-column elementor-element elementor-element-eb627d2\" data-id=\"eb627d2\" data-element_type=\"column\" data-e-type=\"column\">\n\t\t\t<div class=\"elementor-widget-wrap elementor-element-populated\">\n\t\t\t\t\t\t<div class=\"elementor-element elementor-element-95bdf01 elementor-widget elementor-widget-image\" data-id=\"95bdf01\" data-element_type=\"widget\" data-e-type=\"widget\" data-widget_type=\"image.default\">\n\t\t\t\t<div class=\"elementor-widget-container\">\n\t\t\t\t\t\t\t\t\t\t\t\t\t\t\t<img fetchpriority=\"high\" decoding=\"async\" width=\"1536\" height=\"1024\" src=\"https:\/\/www.myexpoexpo.com\/wp-content\/uploads\/2026\/02\/CCJ_3973A-1536x1024.jpg\" class=\"attachment-1536x1536 size-1536x1536 wp-image-2184\" alt=\"\" srcset=\"https:\/\/www.myexpoexpo.com\/wp-content\/uploads\/2026\/02\/CCJ_3973A-1536x1024.jpg 1536w, https:\/\/www.myexpoexpo.com\/wp-content\/uploads\/2026\/02\/CCJ_3973A-300x200.jpg 300w, https:\/\/www.myexpoexpo.com\/wp-content\/uploads\/2026\/02\/CCJ_3973A-1024x683.jpg 1024w, https:\/\/www.myexpoexpo.com\/wp-content\/uploads\/2026\/02\/CCJ_3973A-768x512.jpg 768w, https:\/\/www.myexpoexpo.com\/wp-content\/uploads\/2026\/02\/CCJ_3973A-2048x1365.jpg 2048w, https:\/\/www.myexpoexpo.com\/wp-content\/uploads\/2026\/02\/CCJ_3973A-18x12.jpg 18w\" sizes=\"(max-width: 1536px) 100vw, 1536px\" \/>\t\t\t\t\t\t\t\t\t\t\t\t\t\t\t<\/div>\n\t\t\t\t<\/div>\n\t\t\t\t\t<\/div>\n\t\t<\/div>\n\t\t\t\t<div class=\"elementor-column elementor-col-50 elementor-top-column elementor-element elementor-element-e65c911\" data-id=\"e65c911\" data-element_type=\"column\" data-e-type=\"column\">\n\t\t\t<div class=\"elementor-widget-wrap elementor-element-populated\">\n\t\t\t\t\t\t<div class=\"elementor-element elementor-element-ff3ecbe elementor-widget elementor-widget-image\" data-id=\"ff3ecbe\" data-element_type=\"widget\" data-e-type=\"widget\" data-widget_type=\"image.default\">\n\t\t\t\t<div class=\"elementor-widget-container\">\n\t\t\t\t\t\t\t\t\t\t\t\t\t\t\t<img decoding=\"async\" width=\"1536\" height=\"1024\" src=\"https:\/\/www.myexpoexpo.com\/wp-content\/uploads\/2026\/02\/CCJ_1308A-1536x1024.jpg\" class=\"attachment-1536x1536 size-1536x1536 wp-image-2185\" alt=\"\" srcset=\"https:\/\/www.myexpoexpo.com\/wp-content\/uploads\/2026\/02\/CCJ_1308A-1536x1024.jpg 1536w, https:\/\/www.myexpoexpo.com\/wp-content\/uploads\/2026\/02\/CCJ_1308A-300x200.jpg 300w, https:\/\/www.myexpoexpo.com\/wp-content\/uploads\/2026\/02\/CCJ_1308A-1024x683.jpg 1024w, https:\/\/www.myexpoexpo.com\/wp-content\/uploads\/2026\/02\/CCJ_1308A-768x512.jpg 768w, https:\/\/www.myexpoexpo.com\/wp-content\/uploads\/2026\/02\/CCJ_1308A-2048x1365.jpg 2048w, https:\/\/www.myexpoexpo.com\/wp-content\/uploads\/2026\/02\/CCJ_1308A-18x12.jpg 18w\" sizes=\"(max-width: 1536px) 100vw, 1536px\" \/>\t\t\t\t\t\t\t\t\t\t\t\t\t\t\t<\/div>\n\t\t\t\t<\/div>\n\t\t\t\t\t<\/div>\n\t\t<\/div>\n\t\t\t\t\t<\/div>\n\t\t<\/section>\n\t\t\t\t<section class=\"elementor-section elementor-top-section elementor-element elementor-element-6a41e9e elementor-section-boxed elementor-section-height-default elementor-section-height-default\" data-id=\"6a41e9e\" data-element_type=\"section\" data-e-type=\"section\">\n\t\t\t\t\t\t<div class=\"elementor-container elementor-column-gap-default\">\n\t\t\t\t\t<div class=\"elementor-column elementor-col-100 elementor-top-column elementor-element elementor-element-785ddcb\" data-id=\"785ddcb\" data-element_type=\"column\" data-e-type=\"column\">\n\t\t\t<div class=\"elementor-widget-wrap elementor-element-populated\">\n\t\t\t\t\t\t<div class=\"elementor-element elementor-element-e445f9e elementor-widget elementor-widget-text-editor\" data-id=\"e445f9e\" data-element_type=\"widget\" data-e-type=\"widget\" data-widget_type=\"text-editor.default\">\n\t\t\t\t<div class=\"elementor-widget-container\">\n\t\t\t\t\t\t\t\t\t<p>N&#039;oubliez pas\u00a0: soyez pr\u00eat \u00e0 r\u00e9pondre \u00e0 toute question que votre superviseur pourrait avoir. Apr\u00e8s leur avoir fourni toutes les informations n\u00e9cessaires, ils \u00e9valueront les informations avant de prendre la d\u00e9cision. La d\u00e9cision de votre superviseur d\u00e9pendra probablement des informations que vous fournissez et de la fa\u00e7on dont vous vendez les avantages de votre participation au salon.<\/p>\t\t\t\t\t\t\t\t<\/div>\n\t\t\t\t<\/div>\n\t\t\t\t\t<\/div>\n\t\t<\/div>\n\t\t\t\t\t<\/div>\n\t\t<\/section>\n\t\t\t\t<\/div>","protected":false},"excerpt":{"rendered":"<p>Make Your Case for Attending! We encourage you to review the materials in this section to gain a greater understanding of the 2026 IAEE Expo! Expo! Annual Meeting &amp; Exhibition, 16-18 November in Milwaukee, WI, USA and how to communicate the value it can provide when for approval to attend from your supervisor. IAEE has [&hellip;]<\/p>\n","protected":false},"author":1,"featured_media":1627,"parent":0,"menu_order":0,"comment_status":"closed","ping_status":"closed","template":"","meta":{"_acf_changed":false,"footnotes":""},"class_list":["post-130","page","type-page","status-publish","has-post-thumbnail","hentry"],"acf":[],"yoast_head":"<!-- This site is optimized with the Yoast SEO Premium plugin v27.5 (Yoast SEO v27.5) - https:\/\/yoast.com\/product\/yoast-seo-premium-wordpress\/ -->\n<title>Justification Toolkit - Expo! Expo!<\/title>\n<meta name=\"description\" content=\"Get the expo expo justification toolkit to help communicate the value of attending the IAEE Expo! Expo! Annual Meeting.\" \/>\n<meta name=\"robots\" content=\"index, follow, max-snippet:-1, max-image-preview:large, max-video-preview:-1\" \/>\n<link rel=\"canonical\" href=\"https:\/\/www.myexpoexpo.com\/fr\/justification-toolkit\/\" \/>\n<meta property=\"og:locale\" content=\"fr_FR\" \/>\n<meta property=\"og:type\" content=\"article\" \/>\n<meta property=\"og:title\" content=\"Justification Toolkit\" \/>\n<meta property=\"og:description\" content=\"Need approval for the IAEE Expo? The expo expo justification toolkit offers expert advice and necessary documents to assist you.\" \/>\n<meta property=\"og:url\" content=\"https:\/\/www.myexpoexpo.com\/fr\/justification-toolkit\/\" \/>\n<meta property=\"og:site_name\" content=\"Expo! Expo!\" \/>\n<meta property=\"article:publisher\" content=\"https:\/\/www.facebook.com\/iaeehq\/\" \/>\n<meta property=\"article:modified_time\" content=\"2026-02-05T23:22:50+00:00\" \/>\n<meta property=\"og:image\" content=\"https:\/\/www.myexpoexpo.com\/wp-content\/uploads\/2024\/11\/Expo-Expo-favicon.png\" \/>\n\t<meta property=\"og:image:width\" content=\"512\" \/>\n\t<meta property=\"og:image:height\" content=\"512\" \/>\n\t<meta property=\"og:image:type\" content=\"image\/png\" \/>\n<meta name=\"twitter:card\" content=\"summary_large_image\" \/>\n<meta name=\"twitter:description\" content=\"Explore the expo expo justification toolkit to secure approval for attending IAEE&#039;s Annual Meeting and Exhibition.\" \/>\n<meta name=\"twitter:site\" content=\"@IAEE_HQ\" \/>\n<meta name=\"twitter:label1\" content=\"Dur\u00e9e de lecture estim\u00e9e\" \/>\n\t<meta name=\"twitter:data1\" content=\"2 minutes\" \/>\n<script type=\"application\/ld+json\" class=\"yoast-schema-graph\">{\"@context\":\"https:\\\/\\\/schema.org\",\"@graph\":[{\"@type\":\"WebPage\",\"@id\":\"https:\\\/\\\/www.myexpoexpo.com\\\/justification-toolkit\\\/\",\"url\":\"https:\\\/\\\/www.myexpoexpo.com\\\/justification-toolkit\\\/\",\"name\":\"Justification Toolkit - Expo! Expo!\",\"isPartOf\":{\"@id\":\"https:\\\/\\\/www.myexpoexpo.com\\\/#website\"},\"primaryImageOfPage\":{\"@id\":\"https:\\\/\\\/www.myexpoexpo.com\\\/justification-toolkit\\\/#primaryimage\"},\"image\":{\"@id\":\"https:\\\/\\\/www.myexpoexpo.com\\\/justification-toolkit\\\/#primaryimage\"},\"thumbnailUrl\":\"https:\\\/\\\/www.myexpoexpo.com\\\/wp-content\\\/uploads\\\/2024\\\/11\\\/Expo-Expo-favicon.png\",\"datePublished\":\"2022-03-01T20:43:41+00:00\",\"dateModified\":\"2026-02-05T23:22:50+00:00\",\"description\":\"Get the expo expo justification toolkit to help communicate the value of attending the IAEE Expo! Expo! Annual Meeting.\",\"breadcrumb\":{\"@id\":\"https:\\\/\\\/www.myexpoexpo.com\\\/justification-toolkit\\\/#breadcrumb\"},\"inLanguage\":\"fr-FR\",\"potentialAction\":[{\"@type\":\"ReadAction\",\"target\":[\"https:\\\/\\\/www.myexpoexpo.com\\\/justification-toolkit\\\/\"]}]},{\"@type\":\"ImageObject\",\"inLanguage\":\"fr-FR\",\"@id\":\"https:\\\/\\\/www.myexpoexpo.com\\\/justification-toolkit\\\/#primaryimage\",\"url\":\"https:\\\/\\\/www.myexpoexpo.com\\\/wp-content\\\/uploads\\\/2024\\\/11\\\/Expo-Expo-favicon.png\",\"contentUrl\":\"https:\\\/\\\/www.myexpoexpo.com\\\/wp-content\\\/uploads\\\/2024\\\/11\\\/Expo-Expo-favicon.png\",\"width\":512,\"height\":512},{\"@type\":\"BreadcrumbList\",\"@id\":\"https:\\\/\\\/www.myexpoexpo.com\\\/justification-toolkit\\\/#breadcrumb\",\"itemListElement\":[{\"@type\":\"ListItem\",\"position\":1,\"name\":\"Home\",\"item\":\"https:\\\/\\\/www.myexpoexpo.com\\\/\"},{\"@type\":\"ListItem\",\"position\":2,\"name\":\"Justification Toolkit\"}]},{\"@type\":\"WebSite\",\"@id\":\"https:\\\/\\\/www.myexpoexpo.com\\\/#website\",\"url\":\"https:\\\/\\\/www.myexpoexpo.com\\\/\",\"name\":\"Expo! Expo!\",\"description\":\"16-18 November 2026 | Milwaukee, WI\",\"publisher\":{\"@id\":\"https:\\\/\\\/www.myexpoexpo.com\\\/#organization\"},\"potentialAction\":[{\"@type\":\"SearchAction\",\"target\":{\"@type\":\"EntryPoint\",\"urlTemplate\":\"https:\\\/\\\/www.myexpoexpo.com\\\/?s={search_term_string}\"},\"query-input\":{\"@type\":\"PropertyValueSpecification\",\"valueRequired\":true,\"valueName\":\"search_term_string\"}}],\"inLanguage\":\"fr-FR\"},{\"@type\":\"Organization\",\"@id\":\"https:\\\/\\\/www.myexpoexpo.com\\\/#organization\",\"name\":\"IAEE Expo! Expo!\",\"url\":\"https:\\\/\\\/www.myexpoexpo.com\\\/\",\"logo\":{\"@type\":\"ImageObject\",\"inLanguage\":\"fr-FR\",\"@id\":\"https:\\\/\\\/www.myexpoexpo.com\\\/#\\\/schema\\\/logo\\\/image\\\/\",\"url\":\"\",\"contentUrl\":\"\",\"caption\":\"IAEE Expo! Expo!\"},\"image\":{\"@id\":\"https:\\\/\\\/www.myexpoexpo.com\\\/#\\\/schema\\\/logo\\\/image\\\/\"},\"sameAs\":[\"https:\\\/\\\/www.facebook.com\\\/iaeehq\\\/\",\"https:\\\/\\\/x.com\\\/IAEE_HQ\",\"https:\\\/\\\/www.linkedin.com\\\/company\\\/international-association-of-exhibits-and-events\\\/\",\"https:\\\/\\\/www.youtube.com\\\/user\\\/IAEEHeadquarters\",\"https:\\\/\\\/www.instagram.com\\\/iaee_hq\\\/\"]}]}<\/script>\n<!-- \/ Yoast SEO Premium plugin. -->","yoast_head_json":{"title":"Justification Toolkit - Expo! Expo!","description":"Get the expo expo justification toolkit to help communicate the value of attending the IAEE Expo! Expo! Annual Meeting.","robots":{"index":"index","follow":"follow","max-snippet":"max-snippet:-1","max-image-preview":"max-image-preview:large","max-video-preview":"max-video-preview:-1"},"canonical":"https:\/\/www.myexpoexpo.com\/fr\/justification-toolkit\/","og_locale":"fr_FR","og_type":"article","og_title":"Justification Toolkit","og_description":"Need approval for the IAEE Expo? The expo expo justification toolkit offers expert advice and necessary documents to assist you.","og_url":"https:\/\/www.myexpoexpo.com\/fr\/justification-toolkit\/","og_site_name":"Expo! Expo!","article_publisher":"https:\/\/www.facebook.com\/iaeehq\/","article_modified_time":"2026-02-05T23:22:50+00:00","og_image":[{"width":512,"height":512,"url":"https:\/\/www.myexpoexpo.com\/wp-content\/uploads\/2024\/11\/Expo-Expo-favicon.png","type":"image\/png"}],"twitter_card":"summary_large_image","twitter_description":"Explore the expo expo justification toolkit to secure approval for attending IAEE's Annual Meeting and Exhibition.","twitter_site":"@IAEE_HQ","twitter_misc":{"Dur\u00e9e de lecture estim\u00e9e":"2 minutes"},"schema":{"@context":"https:\/\/schema.org","@graph":[{"@type":"WebPage","@id":"https:\/\/www.myexpoexpo.com\/justification-toolkit\/","url":"https:\/\/www.myexpoexpo.com\/justification-toolkit\/","name":"Justification Toolkit - Expo! Expo!","isPartOf":{"@id":"https:\/\/www.myexpoexpo.com\/#website"},"primaryImageOfPage":{"@id":"https:\/\/www.myexpoexpo.com\/justification-toolkit\/#primaryimage"},"image":{"@id":"https:\/\/www.myexpoexpo.com\/justification-toolkit\/#primaryimage"},"thumbnailUrl":"https:\/\/www.myexpoexpo.com\/wp-content\/uploads\/2024\/11\/Expo-Expo-favicon.png","datePublished":"2022-03-01T20:43:41+00:00","dateModified":"2026-02-05T23:22:50+00:00","description":"Get the expo expo justification toolkit to help communicate the value of attending the IAEE Expo! Expo! Annual Meeting.","breadcrumb":{"@id":"https:\/\/www.myexpoexpo.com\/justification-toolkit\/#breadcrumb"},"inLanguage":"fr-FR","potentialAction":[{"@type":"ReadAction","target":["https:\/\/www.myexpoexpo.com\/justification-toolkit\/"]}]},{"@type":"ImageObject","inLanguage":"fr-FR","@id":"https:\/\/www.myexpoexpo.com\/justification-toolkit\/#primaryimage","url":"https:\/\/www.myexpoexpo.com\/wp-content\/uploads\/2024\/11\/Expo-Expo-favicon.png","contentUrl":"https:\/\/www.myexpoexpo.com\/wp-content\/uploads\/2024\/11\/Expo-Expo-favicon.png","width":512,"height":512},{"@type":"BreadcrumbList","@id":"https:\/\/www.myexpoexpo.com\/justification-toolkit\/#breadcrumb","itemListElement":[{"@type":"ListItem","position":1,"name":"Home","item":"https:\/\/www.myexpoexpo.com\/"},{"@type":"ListItem","position":2,"name":"Justification Toolkit"}]},{"@type":"WebSite","@id":"https:\/\/www.myexpoexpo.com\/#website","url":"https:\/\/www.myexpoexpo.com\/","name":"Expo! Expo!","description":"16-18 November 2026 | Milwaukee, WI","publisher":{"@id":"https:\/\/www.myexpoexpo.com\/#organization"},"potentialAction":[{"@type":"SearchAction","target":{"@type":"EntryPoint","urlTemplate":"https:\/\/www.myexpoexpo.com\/?s={search_term_string}"},"query-input":{"@type":"PropertyValueSpecification","valueRequired":true,"valueName":"search_term_string"}}],"inLanguage":"fr-FR"},{"@type":"Organization","@id":"https:\/\/www.myexpoexpo.com\/#organization","name":"IAEE Expo! Expo!","url":"https:\/\/www.myexpoexpo.com\/","logo":{"@type":"ImageObject","inLanguage":"fr-FR","@id":"https:\/\/www.myexpoexpo.com\/#\/schema\/logo\/image\/","url":"","contentUrl":"","caption":"IAEE Expo! Expo!"},"image":{"@id":"https:\/\/www.myexpoexpo.com\/#\/schema\/logo\/image\/"},"sameAs":["https:\/\/www.facebook.com\/iaeehq\/","https:\/\/x.com\/IAEE_HQ","https:\/\/www.linkedin.com\/company\/international-association-of-exhibits-and-events\/","https:\/\/www.youtube.com\/user\/IAEEHeadquarters","https:\/\/www.instagram.com\/iaee_hq\/"]}]}},"_links":{"self":[{"href":"https:\/\/www.myexpoexpo.com\/fr\/wp-json\/wp\/v2\/pages\/130","targetHints":{"allow":["GET"]}}],"collection":[{"href":"https:\/\/www.myexpoexpo.com\/fr\/wp-json\/wp\/v2\/pages"}],"about":[{"href":"https:\/\/www.myexpoexpo.com\/fr\/wp-json\/wp\/v2\/types\/page"}],"author":[{"embeddable":true,"href":"https:\/\/www.myexpoexpo.com\/fr\/wp-json\/wp\/v2\/users\/1"}],"replies":[{"embeddable":true,"href":"https:\/\/www.myexpoexpo.com\/fr\/wp-json\/wp\/v2\/comments?post=130"}],"version-history":[{"count":0,"href":"https:\/\/www.myexpoexpo.com\/fr\/wp-json\/wp\/v2\/pages\/130\/revisions"}],"wp:featuredmedia":[{"embeddable":true,"href":"https:\/\/www.myexpoexpo.com\/fr\/wp-json\/wp\/v2\/media\/1627"}],"wp:attachment":[{"href":"https:\/\/www.myexpoexpo.com\/fr\/wp-json\/wp\/v2\/media?parent=130"}],"curies":[{"name":"wp","href":"https:\/\/api.w.org\/{rel}","templated":true}]}}